{"id":2651,"date":"2024-05-02T08:00:45","date_gmt":"2024-05-02T11:00:45","guid":{"rendered":"http:\/\/ensino.ifg.edu.br\/projetoeja\/?page_id=2651"},"modified":"2025-01-09T20:36:28","modified_gmt":"2025-01-09T23:36:28","slug":"documentos","status":"publish","type":"page","link":"https:\/\/ensino.ifg.edu.br\/projetoeja\/documentos\/","title":{"rendered":"Documentos"},"content":{"rendered":"<h1 style=\"text-align: center\"><strong>Etapa 2024<\/strong><\/h1>\n<blockquote>\n<p style=\"text-align: center\"><a href=\"http:\/\/ensino.ifg.edu.br\/projetoeja\/wp-content\/uploads\/sites\/15\/2024\/01\/back3.png\"><img loading=\"lazy\" decoding=\"async\" class=\"alignnone size-full wp-image-2462\" src=\"http:\/\/ensino.ifg.edu.br\/projetoeja\/wp-content\/uploads\/sites\/15\/2024\/01\/back3.png\" alt=\"back3\" width=\"1921\" height=\"1081\" \/><\/a><\/p>\n<\/blockquote>\n<p style=\"text-align: left\">Confira os documentos relacionados aos cursos ofertados pelo Projeto AlmEJA:<\/p>\n<ul>\n<li>PPC do Curso de Forma\u00e7\u00e3o Continuada dos Profissionais da Educa\u00e7\u00e3o: <a href=\"http:\/\/ensino.ifg.edu.br\/projetoeja\/wp-content\/uploads\/sites\/15\/2024\/05\/PPC-forma\u00e7\u00e3o-continuada-para-professores-da-EJA.pdf\">PPC Forma\u00e7\u00e3o Continuada Para Professores da EJA<\/a><\/li>\n<li>PPC do curso FIC &#8211; Inform\u00e1tica Essencial:\u00a0<a href=\"http:\/\/ensino.ifg.edu.br\/projetoeja\/wp-content\/uploads\/sites\/15\/2024\/05\/PPC-Inform\u00e1tica-Essencial-EF-e-EM.pdf\">PPC Inform\u00e1tica Essencial EF e EM<\/a><\/li>\n<li>Calend\u00e1rio do Curso de Forma\u00e7\u00e3o Continuada dos Profissionais da Educa\u00e7\u00e3o:\u00a0<a href=\"http:\/\/ensino.ifg.edu.br\/projetoeja\/wp-content\/uploads\/sites\/15\/2024\/05\/2024_Calend\u00e1rio-Forma\u00e7\u00e3o-de-Professores-EJA.pdf\">Calend\u00e1rio 2024 Forma\u00e7\u00e3o de Professores EJA<\/a><\/li>\n<li>Calend\u00e1rio do Curso FIC &#8211; Inform\u00e1tica Essencial:\u00a0<a href=\"http:\/\/ensino.ifg.edu.br\/projetoeja\/wp-content\/uploads\/sites\/15\/2024\/05\/Calend\u00e1rio-Inform\u00e1tica-Essencial-Projeto-ALMEJA.pdf\">Calend\u00e1rio 2024 Inform\u00e1tica Essencial &#8211; Projeto AlmEJA<\/a><\/li>\n<li>Carta de Apresenta\u00e7\u00e3o para capta\u00e7\u00e3o dos Cursistas (com as ementas dos cursos):\u00a0<a href=\"https:\/\/www.canva.com\/design\/DAGX4v7e7zs\/BfrLGDrR_tL8mewsxYwYlg\/view?utm_content=DAGX4v7e7zs&amp;utm_campaign=designshare&amp;utm_medium=link2&amp;utm_source=uniquelinks&amp;utlId=h46aa5e5090\">Carta de Apresenta\u00e7\u00e3o<\/a><\/li>\n<\/ul>\n","protected":false},"excerpt":{"rendered":"<p>Etapa 2024 Confira os documentos relacionados aos cursos ofertados pelo Projeto AlmEJA: PPC do Curso de Forma\u00e7\u00e3o Continuada dos Profissionais da Educa\u00e7\u00e3o: PPC Forma\u00e7\u00e3o Continuada Para Professores da EJA PPC do curso FIC &#8211; Inform\u00e1tica Essencial:\u00a0PPC Inform\u00e1tica Essencial EF e EM Calend\u00e1rio do Curso de Forma\u00e7\u00e3o Continuada dos Profissionais da Educa\u00e7\u00e3o:\u00a0Calend\u00e1rio 2024 Forma\u00e7\u00e3o de Professores <a href=\"https:\/\/ensino.ifg.edu.br\/projetoeja\/documentos\/\" rel=\"nofollow\"><span class=\"sr-only\">Leia mais sobreDocumentos<\/span>[&hellip;]<\/a><\/p>\n","protected":false},"author":34,"featured_media":0,"parent":0,"menu_order":0,"comment_status":"closed","ping_status":"closed","template":"","meta":{"footnotes":""},"class_list":["post-2651","page","type-page","status-publish","hentry"],"_links":{"self":[{"href":"https:\/\/ensino.ifg.edu.br\/projetoeja\/wp-json\/wp\/v2\/pages\/2651"}],"collection":[{"href":"https:\/\/ensino.ifg.edu.br\/projetoeja\/wp-json\/wp\/v2\/pages"}],"about":[{"href":"https:\/\/ensino.ifg.edu.br\/projetoeja\/wp-json\/wp\/v2\/types\/page"}],"author":[{"embeddable":true,"href":"https:\/\/ensino.ifg.edu.br\/projetoeja\/wp-json\/wp\/v2\/users\/34"}],"replies":[{"embeddable":true,"href":"https:\/\/ensino.ifg.edu.br\/projetoeja\/wp-json\/wp\/v2\/comments?post=2651"}],"version-history":[{"count":6,"href":"https:\/\/ensino.ifg.edu.br\/projetoeja\/wp-json\/wp\/v2\/pages\/2651\/revisions"}],"predecessor-version":[{"id":2739,"href":"https:\/\/ensino.ifg.edu.br\/projetoeja\/wp-json\/wp\/v2\/pages\/2651\/revisions\/2739"}],"wp:attachment":[{"href":"https:\/\/ensino.ifg.edu.br\/projetoeja\/wp-json\/wp\/v2\/media?parent=2651"}],"curies":[{"name":"wp","href":"https:\/\/api.w.org\/{rel}","templated":true}]}}