{"id":2455,"date":"2024-01-20T12:24:35","date_gmt":"2024-01-20T15:24:35","guid":{"rendered":"http:\/\/ensino.ifg.edu.br\/projetoeja\/?page_id=2455"},"modified":"2025-01-09T19:40:14","modified_gmt":"2025-01-09T22:40:14","slug":"sobre","status":"publish","type":"page","link":"https:\/\/ensino.ifg.edu.br\/projetoeja\/sobre\/","title":{"rendered":"O Projeto"},"content":{"rendered":"<p><img loading=\"lazy\" decoding=\"async\" class=\"alignnone wp-image-2721 size-full\" src=\"http:\/\/ensino.ifg.edu.br\/projetoeja\/wp-content\/uploads\/sites\/15\/2025\/01\/Banner-o-projeto.png\" alt=\"\" width=\"1280\" height=\"720\" srcset=\"https:\/\/ensino.ifg.edu.br\/projetoeja\/wp-content\/uploads\/sites\/15\/2025\/01\/Banner-o-projeto.png 1280w, https:\/\/ensino.ifg.edu.br\/projetoeja\/wp-content\/uploads\/sites\/15\/2025\/01\/Banner-o-projeto-300x169.png 300w, https:\/\/ensino.ifg.edu.br\/projetoeja\/wp-content\/uploads\/sites\/15\/2025\/01\/Banner-o-projeto-1024x576.png 1024w, https:\/\/ensino.ifg.edu.br\/projetoeja\/wp-content\/uploads\/sites\/15\/2025\/01\/Banner-o-projeto-768x432.png 768w\" sizes=\"(max-width: 1280px) 100vw, 1280px\" \/><\/p>\n<p class=\"cvGsUA direction-ltr align-justify para-style-body\"><span class=\"OYPEnA text-decoration-none text-strikethrough-none\">O Projeto EJA-EPT (ALMEJA 2024), projeto de Forma\u00e7\u00e3o Inicial e Continuada integrada ao Ensino Fundamental e M\u00e9dio na modalidade de Educa\u00e7\u00e3o de Jovens e Adultos das Redes Municipais e Estadual de Ensino de Goi\u00e1s, visa \u00e0 implementa\u00e7\u00e3o da Pol\u00edtica de Educa\u00e7\u00e3o de Jovens e Adultos (EJA) Integrada \u00e0 Educa\u00e7\u00e3o Profissional, a partir da oferta de cursos de Forma\u00e7\u00e3o Continuada para professores da EJA e de cursos de Forma\u00e7\u00e3o Inicial e Continuada (FIC) integrada ao Ensino Fundamental e Ensino M\u00e9dio para os estudantes da EJA das Redes Municipais e Estadual de Ensino de Goi\u00e1s.<\/span><\/p>\n<p class=\"cvGsUA direction-ltr align-justify para-style-body\"><span class=\"OYPEnA text-decoration-none text-strikethrough-none\">O Instituto Federal de Goi\u00e1s (IFG) tem por finalidade formar e qualificar profissionais para os diversos setores da economia, bem como realizar pesquisas e promover o desenvolvimento tecnol\u00f3gico de novos processos, produtos e servi\u00e7os, em estreita articula\u00e7\u00e3o com os setores produtivos e com a sociedade, oferecendo mecanismos para a educa\u00e7\u00e3o continuada.<\/span><\/p>\n<p class=\"cvGsUA direction-ltr align-justify para-style-body\"><span class=\"OYPEnA text-decoration-none text-strikethrough-none\">E, nesse sentido, o IFG tem a honra de desenvolver este Projeto junto \u00e0s Secretarias Municipais e Estadual de Educa\u00e7\u00e3o, a fim de colaborar com a forma\u00e7\u00e3o continuada dos professores das Redes Municipais e Estadual de Ensino que atuam diretamente no processo de ensino-aprendizagem dos estudantes da EJA e com a forma\u00e7\u00e3o e qualifica\u00e7\u00e3o profissional dos estudantes da EJA. Ademais, acreditamos que a parceria entre SEB\/SECADI\/MEC, SETEC\/MEC, Institutos Federais e Munic\u00edpios, ao integrarem-se para garantir a oferta de curso aqui proposta, se constitui como estrat\u00e9gia significativa para uma articula\u00e7\u00e3o mais eficaz no avan\u00e7o a uma educa\u00e7\u00e3o p\u00fablica, laica, gratuita, inclusiva e de qualidade socialmente referenciada.<\/span><\/p>\n<h2 class=\"cvGsUA direction-ltr align-justify para-style-body\"><\/h2>\n","protected":false},"excerpt":{"rendered":"<p>O Projeto EJA-EPT (ALMEJA 2024), projeto de Forma\u00e7\u00e3o Inicial e Continuada integrada ao Ensino Fundamental e M\u00e9dio na modalidade de Educa\u00e7\u00e3o de Jovens e Adultos das Redes Municipais e Estadual de Ensino de Goi\u00e1s, visa \u00e0 implementa\u00e7\u00e3o da Pol\u00edtica de Educa\u00e7\u00e3o de Jovens e Adultos (EJA) Integrada \u00e0 Educa\u00e7\u00e3o Profissional, a partir da oferta de <a href=\"https:\/\/ensino.ifg.edu.br\/projetoeja\/sobre\/\" rel=\"nofollow\"><span class=\"sr-only\">Leia mais sobreO Projeto<\/span>[&hellip;]<\/a><\/p>\n","protected":false},"author":46,"featured_media":2461,"parent":0,"menu_order":0,"comment_status":"closed","ping_status":"closed","template":"","meta":{"footnotes":""},"class_list":["post-2455","page","type-page","status-publish","has-post-thumbnail","hentry"],"_links":{"self":[{"href":"https:\/\/ensino.ifg.edu.br\/projetoeja\/wp-json\/wp\/v2\/pages\/2455"}],"collection":[{"href":"https:\/\/ensino.ifg.edu.br\/projetoeja\/wp-json\/wp\/v2\/pages"}],"about":[{"href":"https:\/\/ensino.ifg.edu.br\/projetoeja\/wp-json\/wp\/v2\/types\/page"}],"author":[{"embeddable":true,"href":"https:\/\/ensino.ifg.edu.br\/projetoeja\/wp-json\/wp\/v2\/users\/46"}],"replies":[{"embeddable":true,"href":"https:\/\/ensino.ifg.edu.br\/projetoeja\/wp-json\/wp\/v2\/comments?post=2455"}],"version-history":[{"count":10,"href":"https:\/\/ensino.ifg.edu.br\/projetoeja\/wp-json\/wp\/v2\/pages\/2455\/revisions"}],"predecessor-version":[{"id":2722,"href":"https:\/\/ensino.ifg.edu.br\/projetoeja\/wp-json\/wp\/v2\/pages\/2455\/revisions\/2722"}],"wp:featuredmedia":[{"embeddable":true,"href":"https:\/\/ensino.ifg.edu.br\/projetoeja\/wp-json\/wp\/v2\/media\/2461"}],"wp:attachment":[{"href":"https:\/\/ensino.ifg.edu.br\/projetoeja\/wp-json\/wp\/v2\/media?parent=2455"}],"curies":[{"name":"wp","href":"https:\/\/api.w.org\/{rel}","templated":true}]}}