{"id":28,"date":"2021-12-14T17:37:51","date_gmt":"2021-12-14T20:37:51","guid":{"rendered":"http:\/\/ensino.ifg.edu.br\/literaturalivre\/?page_id=28"},"modified":"2021-12-14T19:24:41","modified_gmt":"2021-12-14T22:24:41","slug":"a-metamorfose","status":"publish","type":"page","link":"https:\/\/ensino.ifg.edu.br\/literaturalivre\/a-metamorfose\/","title":{"rendered":"A Metamorfose"},"content":{"rendered":"<p>Quando Gregor Samsa, certa manh\u00e3, acordou de sonhos intranquilos, tudo mudou. N\u00e3o s\u00f3 em sua vida, mas no mundo.<\/p>\n<p>Ao se encontrar metamorfoseado em um inseto monstruoso, Gregor acompanha as rea\u00e7\u00f5es de sua fam\u00edlia ao perceberem o estranho ser em que ele se tornou. E, enquanto luta para se manter vivo e entender a sua nova realidade, reflete sobre o comportamento de seus pais, de sua irm\u00e3 e de seu chefe, e de forma ainda mais angustiante, pensa na pr\u00f3pria vida at\u00e9 ent\u00e3o.<\/p>\n<p>Essa pequena novela, lan\u00e7ada em 1915, revolucionou a literatura e as artes. De forma agressiva, acess\u00edvel e inovadora, tornou-se um dos mais importantes e difundidos textos da hist\u00f3ria.<\/p>\n","protected":false},"excerpt":{"rendered":"<p>Quando Gregor Samsa, certa manh\u00e3, acordou de sonhos intranquilos, tudo mudou. N\u00e3o s\u00f3 em sua vida, mas no mundo. Ao se encontrar metamorfoseado em um inseto monstruoso, Gregor acompanha as rea\u00e7\u00f5es de sua fam\u00edlia ao perceberem o estranho ser em que ele se tornou. E, enquanto luta para se manter vivo e entender a sua &#8230; <a title=\"A Metamorfose\" class=\"read-more\" href=\"https:\/\/ensino.ifg.edu.br\/literaturalivre\/a-metamorfose\/\" aria-label=\"Read more about A Metamorfose\">Ler mais<\/a><\/p>\n","protected":false},"author":39,"featured_media":0,"parent":0,"menu_order":0,"comment_status":"closed","ping_status":"closed","template":"","meta":{"footnotes":""},"class_list":["post-28","page","type-page","status-publish"],"_links":{"self":[{"href":"https:\/\/ensino.ifg.edu.br\/literaturalivre\/wp-json\/wp\/v2\/pages\/28"}],"collection":[{"href":"https:\/\/ensino.ifg.edu.br\/literaturalivre\/wp-json\/wp\/v2\/pages"}],"about":[{"href":"https:\/\/ensino.ifg.edu.br\/literaturalivre\/wp-json\/wp\/v2\/types\/page"}],"author":[{"embeddable":true,"href":"https:\/\/ensino.ifg.edu.br\/literaturalivre\/wp-json\/wp\/v2\/users\/39"}],"replies":[{"embeddable":true,"href":"https:\/\/ensino.ifg.edu.br\/literaturalivre\/wp-json\/wp\/v2\/comments?post=28"}],"version-history":[{"count":3,"href":"https:\/\/ensino.ifg.edu.br\/literaturalivre\/wp-json\/wp\/v2\/pages\/28\/revisions"}],"predecessor-version":[{"id":60,"href":"https:\/\/ensino.ifg.edu.br\/literaturalivre\/wp-json\/wp\/v2\/pages\/28\/revisions\/60"}],"wp:attachment":[{"href":"https:\/\/ensino.ifg.edu.br\/literaturalivre\/wp-json\/wp\/v2\/media?parent=28"}],"curies":[{"name":"wp","href":"https:\/\/api.w.org\/{rel}","templated":true}]}}