{"id":598,"date":"2020-05-14T00:17:58","date_gmt":"2020-05-14T03:17:58","guid":{"rendered":"http:\/\/ensino.ifg.edu.br\/envolver\/?page_id=598"},"modified":"2020-05-14T00:19:27","modified_gmt":"2020-05-14T03:19:27","slug":"que-tal-redescobrir-o-mundo-e-a-humanidade-sem-sair-de-casa","status":"publish","type":"page","link":"https:\/\/ensino.ifg.edu.br\/envolver\/que-tal-redescobrir-o-mundo-e-a-humanidade-sem-sair-de-casa\/","title":{"rendered":"Que tal redescobrir o Mundo e a Humanidade sem sair de casa?"},"content":{"rendered":"<p class=\"western\">Preparamos abaixo uma lista de museus que liberaram visitas virtuais aos seus acervos.<\/p>\n<p class=\"western\"><em>Apenas uma dica: Se sentir falta de um int\u00e9rprete em alguma visita, use o tradutor de p\u00e1gina do seu navegador (no Google Chrome ele fica no canto superior direito da barra de endere\u00e7os)<\/em><\/p>\n<p class=\"western\">Clique no nome do museu que quer conhecer e:\u00a0<strong>Boas Descobertas!<\/strong><\/p>\n<hr \/>\n<p><a href=\"https:\/\/www.louvre.fr\/en\/visites-en-ligne\"><strong>Louvre &#8211; Paris<\/strong><\/a><\/p>\n<p><a href=\"https:\/\/www.museodelprado.es\/en\/the-collection\/art-works\"><strong>Prado &#8211; Madrid<\/strong><\/a><\/p>\n<p><strong><a href=\"https:\/\/bit.ly\/39Xu0Fv\"><span style=\"color: #000000\">Hermitage &#8211; S\u00e3o Petersburgo<\/span><\/a><\/strong><\/p>\n<p><a href=\"https:\/\/pinacotecabrera.org\/\"><strong>Pinacoteca de Brera &#8211; Mil\u00e3o<\/strong><\/a><\/p>\n<p><a href=\"https:\/\/www.uffizi.it\/mostre-virtuali\"><strong>Galeria Uffizi &#8211; Floren\u00e7a<\/strong><\/a><\/p>\n<p><a href=\"http:\/\/www.museivaticani.va\/content\/museivaticani\/it\/collezioni\/catalogo-online.html\"><strong>Museus do Vaticano &#8211; Roma<\/strong><\/a><\/p>\n<p><a href=\"https:\/\/www.namuseum.gr\/en\/collections\/\"><strong>Museu Arqueol\u00f3gico &#8211; Atenas<\/strong><\/a><\/p>\n<p><a href=\"https:\/\/www.britishmuseum.org\/collection\"><strong>Museu Brit\u00e2nico &#8211; Londres<\/strong><\/a><\/p>\n<hr \/>\n<h4 class=\"western\"><a href=\"https:\/\/artsandculture.google.com\/explore\"><strong>Cole\u00e7\u00e3o da Google \u2013 Artistas, Exposi\u00e7\u00f5es, Museus<\/strong><\/a><span style=\"color: #000080\"><span lang=\"zxx\"><u><br \/>\n<\/u><\/span><\/span><\/h4>\n<p class=\"western\">. <a href=\"https:\/\/artsandculture.google.com\/search?q=museus\">Lista<\/a> de museus da Cole\u00e7\u00e3o do Google<\/p>\n<ul>\n<li class=\"western\">Abaixo alguns exemplos de visitas virtuais a museus brasileiros:<\/li>\n<\/ul>\n<p class=\"western\"><a href=\"https:\/\/artsandculture.google.com\/partner\/museu-nacional-de-belas-artes\"><em>. Museu Nacional de Belas Artes &#8211; RJ<\/em><\/a><\/p>\n<p class=\"western\"><a href=\"https:\/\/artsandculture.google.com\/partner\/masp\"><em>. MASP -SP<\/em><\/a><\/p>\n<p class=\"western\"><a href=\"https:\/\/artsandculture.google.com\/partner\/museu-de-arte-moderna-de-sao-paulo\"><em>. Museu de Arte Moderna de S\u00e3o Paulo<\/em><\/a><\/p>\n<p class=\"western\"><a href=\"https:\/\/artsandculture.google.com\/partner\/mam-rio-de-janeiro\"><em>. Museu de Arte Moderna do Rio de Janeiro<\/em><\/a><\/p>\n<p class=\"western\"><a href=\"https:\/\/artsandculture.google.com\/partner\/museu-imperial\"><em>. Museu Imperial -RJ<\/em><\/a><\/p>\n<p class=\"western\"><a href=\"https:\/\/artsandculture.google.com\/partner\/museu-nacional-ufrj\">.\u00a0<em>Museu Nacional -UFRJ -RJ<\/em><\/a><\/p>\n<p><a href=\"https:\/\/artsandculture.google.com\/partner\/museu-do-amanh%C3%A3\"><em>. Museu do Amanh\u00e3 &#8211; RJ<\/em><\/a><\/p>\n<p><a href=\"https:\/\/artsandculture.google.com\/partner\/museu-afro-brasil\"><em>. Museu Afro Brasil &#8211; SP<\/em><\/a><\/p>\n<p><a href=\"https:\/\/artsandculture.google.com\/partner\/museu-do-futebol\"><em>. Museu do Futebol &#8211; SP<\/em><\/a><\/p>\n<p><a href=\"https:\/\/www.nga.gov\/index.html\"><em>. Galeria Nacional de Arte &#8211; Washington<\/em><\/a><span style=\"color: #000080\"><span lang=\"zxx\"><u><br \/>\n<\/u><\/span><\/span><\/p>\n<p class=\"western\"><a href=\"http:\/\/www.iteleport.com.br\/tour3d\/pinacoteca-de-sp-acervo-permanente\/?utm_medium=website&amp;utm_source=archdaily.com.br\"><em>. Pinacoteca de S\u00e3o Paulo \u2013 S\u00e3o Paulo<\/em><\/a><\/p>\n<p><a href=\"https:\/\/www.museuoscarniemeyer.org.br\/visite\/visita-virtual-3D\"><em>. Museu Oscar Niemyer &#8211; Curitiba<\/em><\/a><\/p>\n<p class=\"western\"><u><\/u><a href=\"https:\/\/artsandculture.google.com\/partner\/museu-afro-brasil\"><em>. Museu Afro Brasil<\/em><\/a><\/p>\n<p><a href=\"https:\/\/artsandculture.google.com\/partner\/masp\"><em>. Museu de Arte de S\u00e3o Paulo \u2013 S\u00e3o Paulo<\/em><\/a><\/p>\n<p class=\"western\"><a href=\"https:\/\/www.museucasadeportinari.org.br\/TOUR-VIRTUAL\/?utm_medium=website&amp;utm_source=archdaily.com.br\"><em>. Museu Casa de Portinari \u2013 Brodowski &#8211; SP<\/em><\/a><\/p>\n","protected":false},"excerpt":{"rendered":"<p>Preparamos abaixo uma lista de museus que liberaram visitas virtuais aos seus acervos. Apenas uma dica: Se sentir falta de um int\u00e9rprete em alguma visita, use o tradutor de p\u00e1gina do seu navegador (no Google Chrome ele fica no canto superior direito da barra de endere\u00e7os) Clique no nome do museu que quer conhecer e:\u00a0Boas <a href=\"https:\/\/ensino.ifg.edu.br\/envolver\/que-tal-redescobrir-o-mundo-e-a-humanidade-sem-sair-de-casa\/\" rel=\"nofollow\"><span class=\"sr-only\">Leia mais sobreQue tal redescobrir o Mundo e a Humanidade sem sair de casa?<\/span>[&hellip;]<\/a><\/p>\n","protected":false},"author":17,"featured_media":0,"parent":0,"menu_order":0,"comment_status":"closed","ping_status":"closed","template":"","meta":{"footnotes":""},"class_list":["post-598","page","type-page","status-publish","hentry"],"_links":{"self":[{"href":"https:\/\/ensino.ifg.edu.br\/envolver\/wp-json\/wp\/v2\/pages\/598"}],"collection":[{"href":"https:\/\/ensino.ifg.edu.br\/envolver\/wp-json\/wp\/v2\/pages"}],"about":[{"href":"https:\/\/ensino.ifg.edu.br\/envolver\/wp-json\/wp\/v2\/types\/page"}],"author":[{"embeddable":true,"href":"https:\/\/ensino.ifg.edu.br\/envolver\/wp-json\/wp\/v2\/users\/17"}],"replies":[{"embeddable":true,"href":"https:\/\/ensino.ifg.edu.br\/envolver\/wp-json\/wp\/v2\/comments?post=598"}],"version-history":[{"count":4,"href":"https:\/\/ensino.ifg.edu.br\/envolver\/wp-json\/wp\/v2\/pages\/598\/revisions"}],"predecessor-version":[{"id":602,"href":"https:\/\/ensino.ifg.edu.br\/envolver\/wp-json\/wp\/v2\/pages\/598\/revisions\/602"}],"wp:attachment":[{"href":"https:\/\/ensino.ifg.edu.br\/envolver\/wp-json\/wp\/v2\/media?parent=598"}],"curies":[{"name":"wp","href":"https:\/\/api.w.org\/{rel}","templated":true}]}}