{"id":35,"date":"2020-04-17T15:51:55","date_gmt":"2020-04-17T18:51:55","guid":{"rendered":"http:\/\/ensino.ifg.edu.br\/envolver\/?page_id=35"},"modified":"2020-06-10T22:51:55","modified_gmt":"2020-06-11T01:51:55","slug":"campus-formosa","status":"publish","type":"page","link":"https:\/\/ensino.ifg.edu.br\/envolver\/campus-formosa\/","title":{"rendered":"C\u00e2mpus Formosa"},"content":{"rendered":"<p>? Anote na agenda! ??<\/p>\n<p>? Na pr\u00f3xima ter\u00e7a, 16, teremos o 1\u00ba encontro da a\u00e7\u00e3o \u201cCantinho Filos\u00f3fico: tecendo sentidos em 2020\u201d, com o tema \u201cReligi\u00e3o e Ci\u00eancia\u201d. A a\u00e7\u00e3o faz parte do Projeto Envolver, proposto pela Pr\u00f3-Reitoria de Ensino (Proen) aos c\u00e2mpus do IFG.<\/p>\n<p>? Voc\u00ea pode participar! Basta acessar o link: https:\/\/meet.google.com\/xxe-dxtd-idu<\/p>\n<p>Al\u00e9m deste encontro, haver\u00e1 outros quatro, \u00e0s ter\u00e7as e quintas, sempre \u00e0s 16h. Participe \u203c\ufe0f<\/p>\n<p>\u2705 Mat\u00e9ria completa: https:\/\/www.ifg.edu.br\/component\/content\/article\/158-ifg\/campus\/formosa\/noticias-campus-formosa\/18334-acao-cantinho-filosofico-propoe-reflexao-e-debate-em-encontros-virtuais<\/p>\n<hr \/>\n<p><img loading=\"lazy\" decoding=\"async\" class=\"alignnone size-full wp-image-846\" src=\"http:\/\/ensino.ifg.edu.br\/envolver\/wp-content\/uploads\/sites\/14\/2020\/04\/C1A3A1C1-215F-435C-853D-F2FF24C3C9DF.jpeg\" alt=\"C1A3A1C1-215F-435C-853D-F2FF24C3C9DF\" width=\"720\" height=\"1280\" \/><img loading=\"lazy\" decoding=\"async\" class=\"alignnone size-full wp-image-848\" src=\"http:\/\/ensino.ifg.edu.br\/envolver\/wp-content\/uploads\/sites\/14\/2020\/04\/9102E1DF-583A-4B62-AB52-6A3382A71461.jpeg\" alt=\"9102E1DF-583A-4B62-AB52-6A3382A71461\" width=\"561\" height=\"517\" \/><\/p>\n<hr \/>\n<p><img loading=\"lazy\" decoding=\"async\" class=\"alignnone size-full wp-image-837\" src=\"http:\/\/ensino.ifg.edu.br\/envolver\/wp-content\/uploads\/sites\/14\/2020\/04\/WhatsApp-Image-2020-06-08-at-09.43.33.jpeg\" alt=\"WhatsApp Image 2020-06-08 at 09.43.33\" width=\"960\" height=\"947\" \/><\/p>\n<hr \/>\n<p><img loading=\"lazy\" decoding=\"async\" class=\"alignnone size-full wp-image-836\" src=\"http:\/\/ensino.ifg.edu.br\/envolver\/wp-content\/uploads\/sites\/14\/2020\/04\/WhatsApp-Image-2020-06-08-at-10.00.17.jpeg\" alt=\"WhatsApp Image 2020-06-08 at 10.00.17\" width=\"904\" height=\"1280\" \/><\/p>\n<hr \/>\n<blockquote><p><img loading=\"lazy\" decoding=\"async\" class=\"alignnone size-full wp-image-844\" src=\"http:\/\/ensino.ifg.edu.br\/envolver\/wp-content\/uploads\/sites\/14\/2020\/04\/WhatsApp-Image-2020-06-10-at-13.09.06.jpeg\" alt=\"WhatsApp Image 2020-06-10 at 13.09.06\" width=\"800\" height=\"800\" \/><\/p><\/blockquote>\n<hr \/>\n<p><img loading=\"lazy\" decoding=\"async\" class=\"alignnone size-full wp-image-830\" src=\"http:\/\/ensino.ifg.edu.br\/envolver\/wp-content\/uploads\/sites\/14\/2020\/04\/FC72CD33-BC0E-4BA9-94D8-40D0EC84F2EB.jpeg\" alt=\"FC72CD33-BC0E-4BA9-94D8-40D0EC84F2EB\" width=\"904\" height=\"1280\" \/><\/p>\n<hr \/>\n<p><img loading=\"lazy\" decoding=\"async\" class=\"alignnone size-full wp-image-765\" src=\"http:\/\/ensino.ifg.edu.br\/envolver\/wp-content\/uploads\/sites\/14\/2020\/04\/Cuidados-para-a-organiza\u00e7\u00e3o-de-conversas-\u00e0-dist\u00e2ncia-1.jpg\" alt=\"Cuidados para a organiza\u00e7\u00e3o de conversas \u00e0 dist\u00e2ncia-1\" width=\"1654\" height=\"2338\" \/><\/p>\n<p><!--more--><\/p>\n<hr \/>\n<p><img loading=\"lazy\" decoding=\"async\" class=\"alignnone size-full wp-image-710\" src=\"http:\/\/ensino.ifg.edu.br\/envolver\/wp-content\/uploads\/sites\/14\/2020\/04\/WhatsApp-Image-2020-05-22-at-17.31.33.jpeg\" alt=\"WhatsApp Image 2020-05-22 at 17.31.33\" width=\"1059\" height=\"1280\" \/><\/p>\n<hr \/>\n<p><img loading=\"lazy\" decoding=\"async\" class=\"size-full wp-image-156 aligncenter\" src=\"http:\/\/ensino.ifg.edu.br\/envolver\/wp-content\/uploads\/sites\/14\/2020\/04\/banner-for.jpg\" alt=\"banner-for\" width=\"843\" height=\"184\" \/><\/p>\n<h3><a href=\"https:\/\/www.ifg.edu.br\/component\/content\/article?id=17757:alunos-e-servidores-do-ifg-aparecida-tem-servico-psicologico-a-distancia-no-periodo-de-isolamento\" target=\"_blank\">Alunos e servidores do IFG Aparecida t\u00eam servi\u00e7o psicol\u00f3gico a dist\u00e2ncia no per\u00edodo de isolamento<\/a><\/h3>\n<p>O atendimento \u00e9 oferecido pelas coordena\u00e7\u00f5es de Assist\u00eancia Estudantil e de Recursos Humanos e Assist\u00eancia Social, enquanto durar a suspens\u00e3o do calend\u00e1rio acad\u00eamico<\/p>\n<hr \/>\n<blockquote><p><a href=\"http:\/\/ifg.edu.br\/component\/content\/article\/17-ifg\/ultimas-noticias\/17624-o-artista-e-voce-estudante-do-ifg\" target=\"_blank\"><img decoding=\"async\" class=\"img-polaroid img-fulltext-left caption\" title=\"A\u00e7\u00e3o institucional conta com apoio do DCE do IFG\" src=\"http:\/\/ifg.edu.br\/images\/o-artista-e-vc-destaque.png\" alt=\"A\u00e7\u00e3o institucional conta com apoio do DCE do IFG\" \/><\/a><\/p><\/blockquote>\n<hr \/>\n<blockquote>\n<h3><a href=\"http:\/\/www.ifg.edu.br\/component\/content\/article\/17-ifg\/ultimas-noticias\/17622-participacao-na-iniciacao-cientifica-estudantes\" target=\"_blank\">Estudo mostra que a participa\u00e7\u00e3o na inicia\u00e7\u00e3o cient\u00edfica contribui na vida acad\u00eamica e profissional de estudantes<\/a><\/h3>\n<p>A pesquisa investigou as perspectivas dos alunos do C\u00e2mpus Goi\u00e2nia sobre a inicia\u00e7\u00e3o cient\u00edfica<\/p><\/blockquote>\n<hr \/>\n<blockquote>\n<h3><a href=\"https:\/\/www.ifg.edu.br\/component\/content\/article\/17-ifg\/ultimas-noticias\/17610-reuniao-comite-operativo\" target=\"_blank\">Sa\u00fade mental e fortalecimento das a\u00e7\u00f5es contra o coronav\u00edrus s\u00e3o temas de reuni\u00e3o no IFG<\/a><\/h3>\n<p>Comit\u00ea Operativo de Emerg\u00eancia da Institui\u00e7\u00e3o realizou, nesta segunda-feira, reuni\u00e3o para avaliar a\u00e7\u00f5es desenvolvidas na Institui\u00e7\u00e3o<\/p><\/blockquote>\n<hr \/>\n<blockquote><p><a href=\"http:\/\/ifg.edu.br\/component\/content\/article\/17-ifg\/ultimas-noticias\/17623-psicologa-do-ifg-alerta-para-a-importancia-da-aceitacao-da-situacao-e-do-equilibrio-pessoal\" target=\"_blank\"><img decoding=\"async\" class=\"img-polaroid img-fulltext-left \" title=\"\" src=\"http:\/\/ifg.edu.br\/images\/livethais.png\" alt=\"imagem sem descri\u00e7\u00e3o.\" \/><\/a><\/p><\/blockquote>\n","protected":false},"excerpt":{"rendered":"<p>? Anote na agenda! ?? ? Na pr\u00f3xima ter\u00e7a, 16, teremos o 1\u00ba encontro da a\u00e7\u00e3o \u201cCantinho Filos\u00f3fico: tecendo sentidos em 2020\u201d, com o tema \u201cReligi\u00e3o e Ci\u00eancia\u201d. A a\u00e7\u00e3o faz parte do Projeto Envolver, proposto pela Pr\u00f3-Reitoria de Ensino (Proen) aos c\u00e2mpus do IFG. ? Voc\u00ea pode participar! Basta acessar o link: https:\/\/meet.google.com\/xxe-dxtd-idu Al\u00e9m <a href=\"https:\/\/ensino.ifg.edu.br\/envolver\/campus-formosa\/\" rel=\"nofollow\"><span class=\"sr-only\">Leia mais sobreC\u00e2mpus Formosa<\/span>[&hellip;]<\/a><\/p>\n","protected":false},"author":10,"featured_media":0,"parent":0,"menu_order":0,"comment_status":"closed","ping_status":"closed","template":"template-fullwidth.php","meta":{"footnotes":""},"class_list":["post-35","page","type-page","status-publish","hentry"],"_links":{"self":[{"href":"https:\/\/ensino.ifg.edu.br\/envolver\/wp-json\/wp\/v2\/pages\/35"}],"collection":[{"href":"https:\/\/ensino.ifg.edu.br\/envolver\/wp-json\/wp\/v2\/pages"}],"about":[{"href":"https:\/\/ensino.ifg.edu.br\/envolver\/wp-json\/wp\/v2\/types\/page"}],"author":[{"embeddable":true,"href":"https:\/\/ensino.ifg.edu.br\/envolver\/wp-json\/wp\/v2\/users\/10"}],"replies":[{"embeddable":true,"href":"https:\/\/ensino.ifg.edu.br\/envolver\/wp-json\/wp\/v2\/comments?post=35"}],"version-history":[{"count":13,"href":"https:\/\/ensino.ifg.edu.br\/envolver\/wp-json\/wp\/v2\/pages\/35\/revisions"}],"predecessor-version":[{"id":850,"href":"https:\/\/ensino.ifg.edu.br\/envolver\/wp-json\/wp\/v2\/pages\/35\/revisions\/850"}],"wp:attachment":[{"href":"https:\/\/ensino.ifg.edu.br\/envolver\/wp-json\/wp\/v2\/media?parent=35"}],"curies":[{"name":"wp","href":"https:\/\/api.w.org\/{rel}","templated":true}]}}