{"id":33,"date":"2020-04-17T15:51:41","date_gmt":"2020-04-17T18:51:41","guid":{"rendered":"http:\/\/ensino.ifg.edu.br\/envolver\/?page_id=33"},"modified":"2020-04-29T19:03:10","modified_gmt":"2020-04-29T22:03:10","slug":"campus-cidade-de-goias","status":"publish","type":"page","link":"https:\/\/ensino.ifg.edu.br\/envolver\/campus-cidade-de-goias\/","title":{"rendered":"C\u00e2mpus Cidade de Goi\u00e1s"},"content":{"rendered":"<p><img loading=\"lazy\" decoding=\"async\" class=\"size-full wp-image-154 aligncenter\" src=\"http:\/\/ensino.ifg.edu.br\/envolver\/wp-content\/uploads\/sites\/14\/2020\/04\/banner-goi.jpg\" alt=\"banner-goi\" width=\"843\" height=\"184\" \/><\/p>\n<blockquote>\n<h3><a href=\"https:\/\/www.ifg.edu.br\/component\/content\/article\/130-ifg\/campus\/cidade-de-goias\/noticias-campus-cidade-de-goias\/17855-projeto-residencias-criativas-busca-manter-vinculo-e-troca-de-saberes-entre-professores-e-estudantes-durante-quarentena\"><img loading=\"lazy\" decoding=\"async\" class=\"alignnone size-full wp-image-211 aligncenter\" src=\"http:\/\/ensino.ifg.edu.br\/envolver\/wp-content\/uploads\/sites\/14\/2020\/04\/projeto-artes.png\" alt=\"projeto artes\" width=\"531\" height=\"537\" \/><\/a><\/h3>\n<\/blockquote>\n<h3><\/h3>\n<hr \/>\n<blockquote>\n<h3><a href=\"https:\/\/www.ifg.edu.br\/component\/content\/article\/130-ifg\/campus\/cidade-de-goias\/noticias-campus-cidade-de-goias\/17801-ifg-faz-pre-selecao-interna-de-projetos-para-o-enfrentamento-ao-novo-coronavirus\">IFG faz pr\u00e9-sele\u00e7\u00e3o interna de projetos para o enfrentamento ao novo coronav\u00edrus<\/a><\/h3>\n<p>O IFG vai pr\u00e9-selecionar at\u00e9 quatro projetos de pesquisa e\/ou extens\u00e3o tecnol\u00f3gica, que apresentem solu\u00e7\u00f5es inovadoras para o desenvolvimento de produtos, servi\u00e7os e processos para o enfrentamento emergencial da Covid-19.<\/p><\/blockquote>\n<hr \/>\n<blockquote>\n<h3><a href=\"https:\/\/www.ifg.edu.br\/component\/content\/article?id=17757:alunos-e-servidores-do-ifg-aparecida-tem-servico-psicologico-a-distancia-no-periodo-de-isolamento\" target=\"_blank\">Alunos e servidores do IFG Aparecida t\u00eam servi\u00e7o psicol\u00f3gico a dist\u00e2ncia no per\u00edodo de isolamento<\/a>.<\/h3>\n<p>O atendimento \u00e9 oferecido pelas coordena\u00e7\u00f5es de Assist\u00eancia Estudantil e de Recursos Humanos e Assist\u00eancia Social, enquanto durar a suspens\u00e3o do calend\u00e1rio acad\u00eamico<\/p><\/blockquote>\n<hr \/>\n<blockquote><p><a href=\"http:\/\/ifg.edu.br\/component\/content\/article\/17-ifg\/ultimas-noticias\/17624-o-artista-e-voce-estudante-do-ifg\" target=\"_blank\"><img decoding=\"async\" class=\"img-polaroid img-fulltext-left caption\" title=\"A\u00e7\u00e3o institucional conta com apoio do DCE do IFG\" src=\"http:\/\/ifg.edu.br\/images\/o-artista-e-vc-destaque.png\" alt=\"A\u00e7\u00e3o institucional conta com apoio do DCE do IFG\" \/><\/a><\/p><\/blockquote>\n<hr \/>\n<blockquote>\n<h3><a href=\"http:\/\/www.ifg.edu.br\/component\/content\/article\/17-ifg\/ultimas-noticias\/17622-participacao-na-iniciacao-cientifica-estudantes\" target=\"_blank\">Estudo mostra que a participa\u00e7\u00e3o na inicia\u00e7\u00e3o cient\u00edfica contribui na vida acad\u00eamica e profissional de estudantes<\/a><\/h3>\n<p>A pesquisa investigou as perspectivas dos alunos do C\u00e2mpus Goi\u00e2nia sobre a inicia\u00e7\u00e3o cient\u00edfica<\/p><\/blockquote>\n<hr \/>\n<blockquote>\n<h3><a href=\"https:\/\/www.ifg.edu.br\/component\/content\/article\/17-ifg\/ultimas-noticias\/17610-reuniao-comite-operativo\" target=\"_blank\">Sa\u00fade mental e fortalecimento das a\u00e7\u00f5es contra o coronav\u00edrus s\u00e3o temas de reuni\u00e3o no IFG<\/a><\/h3>\n<p>Comit\u00ea Operativo de Emerg\u00eancia da Institui\u00e7\u00e3o realizou, nesta segunda-feira, reuni\u00e3o para avaliar a\u00e7\u00f5es desenvolvidas na Institui\u00e7\u00e3o<\/p><\/blockquote>\n<hr \/>\n<blockquote><p><a href=\"http:\/\/ifg.edu.br\/component\/content\/article\/17-ifg\/ultimas-noticias\/17623-psicologa-do-ifg-alerta-para-a-importancia-da-aceitacao-da-situacao-e-do-equilibrio-pessoal\" target=\"_blank\"><img decoding=\"async\" class=\"img-polaroid img-fulltext-left \" title=\"\" src=\"http:\/\/ifg.edu.br\/images\/livethais.png\" alt=\"imagem sem descri\u00e7\u00e3o.\" \/><\/a><\/p><\/blockquote>\n","protected":false},"excerpt":{"rendered":"<p>IFG faz pr\u00e9-sele\u00e7\u00e3o interna de projetos para o enfrentamento ao novo coronav\u00edrus O IFG vai pr\u00e9-selecionar at\u00e9 quatro projetos de pesquisa e\/ou extens\u00e3o tecnol\u00f3gica, que apresentem solu\u00e7\u00f5es inovadoras para o desenvolvimento de produtos, servi\u00e7os e processos para o enfrentamento emergencial da Covid-19. Alunos e servidores do IFG Aparecida t\u00eam servi\u00e7o psicol\u00f3gico a dist\u00e2ncia no per\u00edodo <a href=\"https:\/\/ensino.ifg.edu.br\/envolver\/campus-cidade-de-goias\/\" rel=\"nofollow\"><span class=\"sr-only\">Leia mais sobreC\u00e2mpus Cidade de Goi\u00e1s<\/span>[&hellip;]<\/a><\/p>\n","protected":false},"author":10,"featured_media":0,"parent":0,"menu_order":0,"comment_status":"closed","ping_status":"closed","template":"template-fullwidth.php","meta":{"footnotes":""},"class_list":["post-33","page","type-page","status-publish","hentry"],"_links":{"self":[{"href":"https:\/\/ensino.ifg.edu.br\/envolver\/wp-json\/wp\/v2\/pages\/33"}],"collection":[{"href":"https:\/\/ensino.ifg.edu.br\/envolver\/wp-json\/wp\/v2\/pages"}],"about":[{"href":"https:\/\/ensino.ifg.edu.br\/envolver\/wp-json\/wp\/v2\/types\/page"}],"author":[{"embeddable":true,"href":"https:\/\/ensino.ifg.edu.br\/envolver\/wp-json\/wp\/v2\/users\/10"}],"replies":[{"embeddable":true,"href":"https:\/\/ensino.ifg.edu.br\/envolver\/wp-json\/wp\/v2\/comments?post=33"}],"version-history":[{"count":14,"href":"https:\/\/ensino.ifg.edu.br\/envolver\/wp-json\/wp\/v2\/pages\/33\/revisions"}],"predecessor-version":[{"id":90,"href":"https:\/\/ensino.ifg.edu.br\/envolver\/wp-json\/wp\/v2\/pages\/33\/revisions\/90"}],"wp:attachment":[{"href":"https:\/\/ensino.ifg.edu.br\/envolver\/wp-json\/wp\/v2\/media?parent=33"}],"curies":[{"name":"wp","href":"https:\/\/api.w.org\/{rel}","templated":true}]}}