{"id":267,"date":"2020-05-01T12:03:44","date_gmt":"2020-05-01T15:03:44","guid":{"rendered":"http:\/\/ensino.ifg.edu.br\/envolver\/?page_id=267"},"modified":"2020-05-13T23:05:18","modified_gmt":"2020-05-14T02:05:18","slug":"sua-chance-de-se-aperfeicoar-em-outra-lingua-pode-ter-chegado","status":"publish","type":"page","link":"https:\/\/ensino.ifg.edu.br\/envolver\/sua-chance-de-se-aperfeicoar-em-outra-lingua-pode-ter-chegado\/","title":{"rendered":"Sua chance de se aperfei\u00e7oar em outra l\u00edngua pode ter chegado&#8230;"},"content":{"rendered":"<h3><a href=\"https:\/\/moodle.ifrs.edu.br\/login\/index.php\"><strong>IFRS<\/strong><\/a><\/h3>\n<p><a href=\"https:\/\/moodle.ifrs.edu.br\/login\/index.php\"><img loading=\"lazy\" decoding=\"async\" class=\"alignnone wp-image-262 size-full\" src=\"http:\/\/ensino.ifg.edu.br\/envolver\/wp-content\/uploads\/sites\/14\/2020\/05\/Banner-EAD-site-IFRS-01.png\" alt=\"Banner-EAD-site-IFRS-01\" width=\"1964\" height=\"527\" \/><\/a><\/p>\n<ul>\n<li><a href=\"https:\/\/moodle.ifrs.edu.br\/course\/index.php?categoryid=38\">Ingl\u00eas 1 a 6<\/a><\/li>\n<li><a href=\"https:\/\/moodle.ifrs.edu.br\/course\/index.php?categoryid=38\">Espanhol 1 e 2<\/a><\/li>\n<li><a href=\"https:\/\/moodle.ifrs.edu.br\/course\/index.php?categoryid=38\">LIBRAS &#8211; compreens\u00e3o b\u00e1sica<\/a><\/li>\n<\/ul>\n<hr \/>\n<h3><a href=\"https:\/\/www.escolavirtual.gov.br\/curso\/11\">Escola Virtual de Governo<\/a><\/h3>\n<p>O site tem diversos cursos em temas como de Direitos Humanos, Direitos das Crian\u00e7as e dos Adolescentes, Igualdade Racial, etc. Para quem quer iniciar seu aprendizado em <a href=\"https:\/\/www.escolavirtual.gov.br\/curso\/11\">LIBRAS<\/a> o site tem um curso interessante, confira:<\/p>\n<p><a href=\"https:\/\/www.escolavirtual.gov.br\/curso\/11\"><img loading=\"lazy\" decoding=\"async\" class=\"alignnone wp-image-583 size-full\" src=\"http:\/\/ensino.ifg.edu.br\/envolver\/wp-content\/uploads\/sites\/14\/2020\/05\/Sem-t\u00edtulo-1.png\" alt=\"Sem t\u00edtulo\" width=\"247\" height=\"428\" \/><\/a><\/p>\n","protected":false},"excerpt":{"rendered":"<p>IFRS Ingl\u00eas 1 a 6 Espanhol 1 e 2 LIBRAS &#8211; compreens\u00e3o b\u00e1sica Escola Virtual de Governo O site tem diversos cursos em temas como de Direitos Humanos, Direitos das Crian\u00e7as e dos Adolescentes, Igualdade Racial, etc. Para quem quer iniciar seu aprendizado em LIBRAS o site tem um curso interessante, confira:<\/p>\n","protected":false},"author":17,"featured_media":0,"parent":0,"menu_order":0,"comment_status":"closed","ping_status":"closed","template":"","meta":{"footnotes":""},"class_list":["post-267","page","type-page","status-publish","hentry"],"_links":{"self":[{"href":"https:\/\/ensino.ifg.edu.br\/envolver\/wp-json\/wp\/v2\/pages\/267"}],"collection":[{"href":"https:\/\/ensino.ifg.edu.br\/envolver\/wp-json\/wp\/v2\/pages"}],"about":[{"href":"https:\/\/ensino.ifg.edu.br\/envolver\/wp-json\/wp\/v2\/types\/page"}],"author":[{"embeddable":true,"href":"https:\/\/ensino.ifg.edu.br\/envolver\/wp-json\/wp\/v2\/users\/17"}],"replies":[{"embeddable":true,"href":"https:\/\/ensino.ifg.edu.br\/envolver\/wp-json\/wp\/v2\/comments?post=267"}],"version-history":[{"count":5,"href":"https:\/\/ensino.ifg.edu.br\/envolver\/wp-json\/wp\/v2\/pages\/267\/revisions"}],"predecessor-version":[{"id":584,"href":"https:\/\/ensino.ifg.edu.br\/envolver\/wp-json\/wp\/v2\/pages\/267\/revisions\/584"}],"wp:attachment":[{"href":"https:\/\/ensino.ifg.edu.br\/envolver\/wp-json\/wp\/v2\/media?parent=267"}],"curies":[{"name":"wp","href":"https:\/\/api.w.org\/{rel}","templated":true}]}}