{"id":232,"date":"2020-04-30T19:47:51","date_gmt":"2020-04-30T22:47:51","guid":{"rendered":"http:\/\/ensino.ifg.edu.br\/envolver\/?page_id=232"},"modified":"2020-05-19T10:14:03","modified_gmt":"2020-05-19T13:14:03","slug":"afim-de-aprender-algo-novo-na-quarentena-nos-ajudamos-voce","status":"publish","type":"page","link":"https:\/\/ensino.ifg.edu.br\/envolver\/afim-de-aprender-algo-novo-na-quarentena-nos-ajudamos-voce\/","title":{"rendered":"Afim de aprender algo novo na quarentena?! N\u00f3s ajudamos voc\u00ea!"},"content":{"rendered":"<p>Vamos l\u00e1, pare e pense, o que voc\u00ea sempre quis aprender?<\/p>\n<p>Vamos listar aqui algumas p\u00e1ginas que conhecemos com cursos gratuitos online e certificados, claro que voc\u00ea n\u00e3o precisa ficar s\u00f3 nisso, que tal aprender a tocar pandeiro com Lives no Instagram? Ou t\u00e9cnicas de desenho com v\u00eddeos do YouTube? A internet nos oferece uma infinidade de possibilidades&#8230;<\/p>\n<p>Mas aqui n\u00f3s reunimos apenas os cursos gratuitos e Certificados ok?!<\/p>\n<h3><strong>Vamos come\u00e7ar, \u00e9 claro, pelo <a href=\"https:\/\/moodle2.ifg.edu.br\/login\/index.php\">Moodle do IFG<\/a>. Voc\u00ea j\u00e1 conhece?<\/strong><\/h3>\n<p><a href=\"https:\/\/moodle2.ifg.edu.br\/login\/index.php\"><img loading=\"lazy\" decoding=\"async\" class=\"alignnone wp-image-240 size-full\" src=\"http:\/\/ensino.ifg.edu.br\/envolver\/wp-content\/uploads\/sites\/14\/2020\/04\/bannercursos.png\" alt=\"bannercursos\" width=\"1684\" height=\"1172\" \/><\/a><\/p>\n<p>Voc\u00ea acessa nosso <a href=\"https:\/\/moodle2.ifg.edu.br\/login\/index.php\">Moodle<\/a> com a matr\u00edcula e a senha utilizadas no SUAP e no Q-acad\u00eamico. (esqueceu a senha? <a href=\"https:\/\/www.ifg.edu.br\/component\/content\/article\/163-ifg\/campus\/goiania\/comunicados-campus-goiania\/17875-q-academico-definicao-de-nova-senha-estudantes\">Clique aqui<\/a>)<\/p>\n<hr \/>\n<h3><a href=\"https:\/\/www.domestika.org\/fiqueemcasa?gclid=Cj0KCQjwka_1BRCPARIsAMlUmEpivhlpBPioHhzIjydOHfO7mNcrhJxbft_CT4QFcnMotTDLhjHk1SgaAuoGEALw_wcB\"><strong>DOMESTIKA<\/strong><\/a><\/h3>\n<p>A p\u00e1gina tem <a href=\"https:\/\/www.domestika.org\/fiqueemcasa?gclid=Cj0KCQjwka_1BRCPARIsAMlUmEpivhlpBPioHhzIjydOHfO7mNcrhJxbft_CT4QFcnMotTDLhjHk1SgaAuoGEALw_wcB\">cursos<\/a> de <strong>Fotografia, Desenho, Bordado, Design de Roupas e de Interiores, Lettering Artistico<\/strong> e at\u00e9 sobre como montar uma loja online! Todos esses est\u00e3o gratuitos durante a quarentena, ent\u00e3o, aproveite!<\/p>\n<p><a href=\"https:\/\/www.domestika.org\/fiqueemcasa?gclid=Cj0KCQjwka_1BRCPARIsAMlUmEpivhlpBPioHhzIjydOHfO7mNcrhJxbft_CT4QFcnMotTDLhjHk1SgaAuoGEALw_wcB\"><img loading=\"lazy\" decoding=\"async\" class=\"alignnone wp-image-318 size-full\" src=\"http:\/\/ensino.ifg.edu.br\/envolver\/wp-content\/uploads\/sites\/14\/2020\/04\/download-1.png\" alt=\"download\" width=\"311\" height=\"162\" \/><\/a><\/p>\n<hr \/>\n<p><a href=\"https:\/\/mooc.ifro.edu.br\/\"><strong>IFRO<\/strong><\/a><\/p>\n<p><a href=\"https:\/\/mooc.ifro.edu.br\/\"><img loading=\"lazy\" decoding=\"async\" class=\"alignnone wp-image-266 size-full\" src=\"http:\/\/ensino.ifg.edu.br\/envolver\/wp-content\/uploads\/sites\/14\/2020\/04\/WhatsApp-Image-2020-03-25-at-10.23.21.jpeg\" alt=\"WhatsApp Image 2020-03-25 at 10.23.21\" width=\"1072\" height=\"1236\" \/><\/a><\/p>\n<p>Alguns cursos que voc\u00ea vai encontrar no Moodle do IFRO:<\/p>\n<ul>\n<li><a href=\"https:\/\/mooc.ifro.edu.br\/courses\">Empreendedorismo<\/a><\/li>\n<li><a href=\"https:\/\/mooc.ifro.edu.br\/courses\">Introdu\u00e7\u00e3o \u00e0 cria\u00e7\u00e3o de sites<\/a><\/li>\n<li><a href=\"https:\/\/mooc.ifro.edu.br\/courses\">Programa\u00e7\u00e3o de games<\/a><\/li>\n<\/ul>\n<hr \/>\n<h3><a href=\"https:\/\/www.eduk.com.br\/colecoes\/48\">EduK<\/a><\/h3>\n<p>A <a href=\"https:\/\/www.eduk.com.br\/colecoes\/48\">plataforma<\/a> oferece, nesse per\u00edodo de quarentena, diversos cursos certificados gratuitos. Veja alguns:<\/p>\n<ul>\n<li><a href=\"https:\/\/www.eduk.com.br\/colecoes\/48\">Unhas decoradas<\/a>;<\/li>\n<li><a href=\"https:\/\/www.eduk.com.br\/colecoes\/48\">Cozinhando em at\u00e9 20min e cozinhando sem fog\u00e3o<\/a>;<\/li>\n<li><a href=\"https:\/\/www.eduk.com.br\/colecoes\/48\">Tratamento de imagens no celular: fotos incr\u00edveis para suas redes<\/a>.<\/li>\n<\/ul>\n<p><a href=\"https:\/\/www.eduk.com.br\/colecoes\/48\"><img loading=\"lazy\" decoding=\"async\" class=\"alignnone wp-image-507 size-full\" src=\"http:\/\/ensino.ifg.edu.br\/envolver\/wp-content\/uploads\/sites\/14\/2020\/04\/218740.jpg\" alt=\"218740\" width=\"224\" height=\"120\" \/><\/a><\/p>\n<hr \/>\n<h3><a href=\"https:\/\/moodle.ifrs.edu.br\/login\/index.php\">IFRS<\/p>\n<p><\/a><a href=\"https:\/\/moodle.ifrs.edu.br\/login\/index.php\"><img loading=\"lazy\" decoding=\"async\" class=\"alignnone wp-image-695 size-full\" src=\"http:\/\/ensino.ifg.edu.br\/envolver\/wp-content\/uploads\/sites\/14\/2020\/04\/WhatsApp-Image-2020-05-19-at-10.07.59.jpeg\" alt=\"WhatsApp Image 2020-05-19 at 10.07.59\" width=\"904\" height=\"1280\" \/><\/a><\/h3>\n<p>No <a href=\"https:\/\/moodle.ifrs.edu.br\/login\/index.php\">Moodle do IFRS<\/a> voc\u00ea vai encontrar cursos dos mais variados como:<\/p>\n<ul>\n<li><a href=\"https:\/\/moodle.ifrs.edu.br\/course\/index.php?categoryid=38\">Planejamento Financeiro<\/a><\/li>\n<li><a href=\"https:\/\/moodle.ifrs.edu.br\/course\/index.php?categoryid=38\">L\u00f3gica de Programa\u00e7\u00e3o<\/a><\/li>\n<li><a href=\"https:\/\/moodle.ifrs.edu.br\/course\/index.php?categoryid=38\">Panifica\u00e7\u00e3o<\/a><\/li>\n<\/ul>\n<hr \/>\n<h3><a href=\"https:\/\/www.ev.org.br\/\"><strong>Funda\u00e7\u00e3o Bradesco<\/strong><\/a><\/h3>\n<p><a href=\"https:\/\/www.ev.org.br\/cursos\"><img loading=\"lazy\" decoding=\"async\" class=\"alignnone wp-image-281 size-full\" src=\"http:\/\/ensino.ifg.edu.br\/envolver\/wp-content\/uploads\/sites\/14\/2020\/04\/download-2.png\" alt=\"download (2)\" width=\"275\" height=\"183\" \/><\/a><\/p>\n<p>A escola tem oferecido a possibilidade de os usu\u00e1rios navegarem em sua p\u00e1gina sem consumir o pacote de dados! S\u00e3o mais de <a href=\"https:\/\/www.ev.org.br\/cursos\">80 cursos<\/a> nas mais diversas \u00e1reas como:<\/p>\n<ul>\n<li><a href=\"https:\/\/www.ev.org.br\/cursos\">Atendimento ao P\u00fablico<\/a>;<\/li>\n<li><a href=\"https:\/\/www.ev.org.br\/cursos\">Biologia: Alimenta\u00e7\u00e3o e Sa\u00fade<\/a>;<\/li>\n<li><a href=\"https:\/\/www.ev.org.br\/cursos\">Fundamentos de Design Gr\u00e1fico<\/a>.<\/li>\n<\/ul>\n<hr \/>\n<h3><a href=\"https:\/\/login.sabia.ufrn.br\/entrar\/\">AVASUS<\/a><\/h3>\n<p>Atrav\u00e9s da <a href=\"https:\/\/login.sabia.ufrn.br\/entrar\/\">Plataforma\u00a0Sabi\u00e1<\/a>, o Minist\u00e9rio da Sa\u00fade\u00a0re\u00fane cursos na \u00e1rea. Indicamos especialmente para aqueles se interessam por essas carreiras.<\/p>\n<p><a href=\"https:\/\/login.sabia.ufrn.br\/entrar\/\"><img loading=\"lazy\" decoding=\"async\" class=\"alignnone wp-image-585 size-full\" src=\"http:\/\/ensino.ifg.edu.br\/envolver\/wp-content\/uploads\/sites\/14\/2020\/04\/images-1.png\" alt=\"images\" width=\"344\" height=\"146\" \/><\/a><\/p>\n<p>Alguns cursos:<\/p>\n<ul>\n<li><a href=\"https:\/\/login.sabia.ufrn.br\/entrar\/\">Guia de Sa\u00fade Mental<\/a>;<\/li>\n<li><a href=\"https:\/\/login.sabia.ufrn.br\/entrar\/\">Promo\u00e7\u00e3o do Envolvimento dos Homens na Paternidade e no Cuidado<\/a>;<\/li>\n<li><a href=\"https:\/\/login.sabia.ufrn.br\/entrar\/\">COVID-19: porque precisamos de isolamento f\u00edsico?<\/a><\/li>\n<\/ul>\n<hr \/>\n<h3><a href=\"https:\/\/cursos.timtec.com.br\/courses\">Instituto TIM Tec<\/a><\/h3>\n<p><a href=\"https:\/\/cursos.timtec.com.br\/courses\"><img loading=\"lazy\" decoding=\"async\" class=\"alignnone wp-image-591 size-full\" src=\"http:\/\/ensino.ifg.edu.br\/envolver\/wp-content\/uploads\/sites\/14\/2020\/04\/download-7.png\" alt=\"download\" width=\"225\" height=\"225\" \/><\/a><\/p>\n<p>O Instituto TIM Tec oferece cursos profissionalizantes como:<\/p>\n<ul>\n<li><a href=\"https:\/\/cursos.timtec.com.br\/courses\">7 li\u00e7\u00f5es para produ\u00e7\u00f5es de texto<\/a>;<\/li>\n<li><a href=\"https:\/\/cursos.timtec.com.br\/courses\">Publica\u00e7\u00e3o digital em dispositivos m\u00f3veis<\/a>;<\/li>\n<li><a href=\"https:\/\/cursos.timtec.com.br\/courses\">Programa\u00e7\u00e3o Android<\/a>.<\/li>\n<\/ul>\n<hr \/>\n<h3><strong><a href=\"https:\/\/saberes.senado.leg.br\/course\/index.php?categoryid=134\">Senado<\/a><\/strong><\/h3>\n<p><a href=\"https:\/\/saberes.senado.leg.br\/course\/index.php?categoryid=134\"><img loading=\"lazy\" decoding=\"async\" class=\"alignnone wp-image-283 size-full\" src=\"http:\/\/ensino.ifg.edu.br\/envolver\/wp-content\/uploads\/sites\/14\/2020\/04\/Senado-Federal-1.png\" alt=\"Senado-Federal-1\" width=\"635\" height=\"400\" \/><\/a><\/p>\n<p>A p\u00e1gina oferece cursos como:<\/p>\n<ul>\n<li><a href=\"https:\/\/saberes.senado.leg.br\/course\/index.php?categoryid=134\">Desenvolvimento de equipes<\/a>;<\/li>\n<li><a href=\"https:\/\/saberes.senado.leg.br\/course\/index.php?categoryid=134\">Doutrinas pol\u00edticas<\/a> (conhe\u00e7a mais sobre: Novas Esquerdas, Liberalismo, Social Democracia, Socialismo);<\/li>\n<li><a href=\"https:\/\/saberes.senado.leg.br\/course\/index.php?categoryid=134\">Pol\u00edtica contempor\u00e2nea<\/a>;<\/li>\n<li><a href=\"https:\/\/saberes.senado.leg.br\/course\/index.php?categoryid=134\">Rela\u00e7\u00f5es Internacionais<\/a>.<\/li>\n<\/ul>\n<hr \/>\n<h3><a href=\"http:\/\/www.eadsenai.com.br\/virtual\/ms\/\">SENAI<\/a><\/h3>\n<p>A p\u00e1gina liberou 12 cursos gratuitos variados. <a href=\"http:\/\/www.eadsenai.com.br\/virtual\/ms\/\">Confira aqui<\/a>.<\/p>\n<p><a href=\"http:\/\/www.eadsenai.com.br\/virtual\/ms\/\"><img loading=\"lazy\" decoding=\"async\" class=\"alignnone wp-image-284 size-full\" src=\"http:\/\/ensino.ifg.edu.br\/envolver\/wp-content\/uploads\/sites\/14\/2020\/04\/download-3.png\" alt=\"download (3)\" width=\"300\" height=\"168\" \/><\/a><\/p>\n<hr \/>\n<h3><a href=\"https:\/\/educacao-executiva.fgv.br\/busca?programa=64443&amp;curso_tipo%5B0%5D=517&amp;modalidade%5B0%5D=45&amp;tipo_invest%5B1%5D=1\"><strong>FGV<\/strong><\/a><\/h3>\n<p>S\u00e3o 62 cursos gratuitos de curta dura\u00e7\u00e3o. <a href=\"https:\/\/educacao-executiva.fgv.br\/busca?programa=64443&amp;curso_tipo%5B0%5D=517&amp;modalidade%5B0%5D=45&amp;tipo_invest%5B1%5D=1\">Confira<\/a>:<\/p>\n<p><a href=\"https:\/\/educacao-executiva.fgv.br\/busca?programa=64443&amp;curso_tipo%5B0%5D=517&amp;modalidade%5B0%5D=45&amp;tipo_invest%5B1%5D=1\"><img loading=\"lazy\" decoding=\"async\" class=\"alignnone wp-image-285 size-full\" src=\"http:\/\/ensino.ifg.edu.br\/envolver\/wp-content\/uploads\/sites\/14\/2020\/04\/download-4.png\" alt=\"download (4)\" width=\"334\" height=\"151\" \/><\/a><\/p>\n<hr \/>\n<h3><a href=\"https:\/\/anistia.org.br\/entre-em-acao\/evento\/inscreva-se-curso-online-gratuito-sobre-direitos-humanos\/\">Anistia Internacional<\/a><\/h3>\n<p>Que tal ter acesso a um <a href=\"https:\/\/anistia.org.br\/entre-em-acao\/evento\/inscreva-se-curso-online-gratuito-sobre-direitos-humanos\/\">curso<\/a> completo e gratuito sobre direitos humanos e\u00a0conhecer tudo sobre seus direitos, relacionando-os com sua rotina e preparando-se para defend\u00ea-los?<\/p>\n<p><a href=\"https:\/\/anistia.org.br\/entre-em-acao\/evento\/inscreva-se-curso-online-gratuito-sobre-direitos-humanos\/\"><img loading=\"lazy\" decoding=\"async\" class=\"alignnone wp-image-301 size-full\" src=\"http:\/\/ensino.ifg.edu.br\/envolver\/wp-content\/uploads\/sites\/14\/2020\/04\/download-5.png\" alt=\"download (5)\" width=\"299\" height=\"168\" \/><\/a><\/p>\n<hr \/>\n<h3><a href=\"https:\/\/suap.enap.gov.br\/portaldoaluno\/?areas_interesse=&amp;tipos_formacao=&amp;presencial=false&amp;semipresencial=false&amp;distancia=true&amp;periodo_inicio=&amp;periodo_fim=&amp;aberta=false&amp;breve=false&amp;fechada=false&amp;uf=#interestList\">ENAP<\/a><\/h3>\n<p>Com cursos na \u00e1rea de Saneamento, Manipula\u00e7\u00e3o de Alimentos, Direitos Humanos, Estat\u00edstica, o site oferece cursos n\u00e3o apenas para servidores p\u00fablicos mas tamb\u00e9m para o p\u00fablico em geral e \u00e9 reconhecida como uma excelente plataforma.<\/p>\n<p><a href=\"https:\/\/suap.enap.gov.br\/portaldoaluno\/?areas_interesse=&amp;tipos_formacao=&amp;presencial=false&amp;semipresencial=false&amp;distancia=true&amp;periodo_inicio=&amp;periodo_fim=&amp;aberta=false&amp;breve=false&amp;fechada=false&amp;uf=#interestList\"><img loading=\"lazy\" decoding=\"async\" class=\"alignnone wp-image-303 size-full\" src=\"http:\/\/ensino.ifg.edu.br\/envolver\/wp-content\/uploads\/sites\/14\/2020\/04\/download-6.png\" alt=\"download (6)\" width=\"374\" height=\"135\" \/><\/a><\/p>\n<hr \/>\n<p>&nbsp;<\/p>\n","protected":false},"excerpt":{"rendered":"<p>Vamos l\u00e1, pare e pense, o que voc\u00ea sempre quis aprender? Vamos listar aqui algumas p\u00e1ginas que conhecemos com cursos gratuitos online e certificados, claro que voc\u00ea n\u00e3o precisa ficar s\u00f3 nisso, que tal aprender a tocar pandeiro com Lives no Instagram? Ou t\u00e9cnicas de desenho com v\u00eddeos do YouTube? A internet nos oferece uma <a href=\"https:\/\/ensino.ifg.edu.br\/envolver\/afim-de-aprender-algo-novo-na-quarentena-nos-ajudamos-voce\/\" rel=\"nofollow\"><span class=\"sr-only\">Leia mais sobreAfim de aprender algo novo na quarentena?! N\u00f3s ajudamos voc\u00ea!<\/span>[&hellip;]<\/a><\/p>\n","protected":false},"author":17,"featured_media":0,"parent":0,"menu_order":0,"comment_status":"closed","ping_status":"closed","template":"","meta":{"footnotes":""},"class_list":["post-232","page","type-page","status-publish","hentry"],"_links":{"self":[{"href":"https:\/\/ensino.ifg.edu.br\/envolver\/wp-json\/wp\/v2\/pages\/232"}],"collection":[{"href":"https:\/\/ensino.ifg.edu.br\/envolver\/wp-json\/wp\/v2\/pages"}],"about":[{"href":"https:\/\/ensino.ifg.edu.br\/envolver\/wp-json\/wp\/v2\/types\/page"}],"author":[{"embeddable":true,"href":"https:\/\/ensino.ifg.edu.br\/envolver\/wp-json\/wp\/v2\/users\/17"}],"replies":[{"embeddable":true,"href":"https:\/\/ensino.ifg.edu.br\/envolver\/wp-json\/wp\/v2\/comments?post=232"}],"version-history":[{"count":14,"href":"https:\/\/ensino.ifg.edu.br\/envolver\/wp-json\/wp\/v2\/pages\/232\/revisions"}],"predecessor-version":[{"id":696,"href":"https:\/\/ensino.ifg.edu.br\/envolver\/wp-json\/wp\/v2\/pages\/232\/revisions\/696"}],"wp:attachment":[{"href":"https:\/\/ensino.ifg.edu.br\/envolver\/wp-json\/wp\/v2\/media?parent=232"}],"curies":[{"name":"wp","href":"https:\/\/api.w.org\/{rel}","templated":true}]}}