{"id":222,"date":"2020-04-30T19:37:06","date_gmt":"2020-04-30T22:37:06","guid":{"rendered":"http:\/\/ensino.ifg.edu.br\/envolver\/?page_id=222"},"modified":"2020-05-04T12:48:02","modified_gmt":"2020-05-04T15:48:02","slug":"psicologas-do-ifg-organizam-lista-de-como-fazer-terapia-online-gratuita-durante-pandemia","status":"publish","type":"page","link":"https:\/\/ensino.ifg.edu.br\/envolver\/psicologas-do-ifg-organizam-lista-de-como-fazer-terapia-online-gratuita-durante-pandemia\/","title":{"rendered":"Psic\u00f3logas do IFG organizam lista de como fazer psicoterapia online gratuita durante pandemia"},"content":{"rendered":"<h4><strong>Os servi\u00e7os s\u00e3o oferecidos por institui\u00e7\u00f5es especializadas.<\/strong><\/h4>\n<p>O momento de\u00a0 pandemia pode gerar novas ang\u00fastias com as quais os alunos do C\u00e2mpus n\u00e3o consigam lidar, e um aux\u00edlio profissional pode se fazer necess\u00e1rio. As psic\u00f3logas do C\u00e2mpus t\u00eam oferecido alguns momentos de escuta, como \u00e9 o caso da Psic\u00f3loga J\u00falia, com quem \u00e9 poss\u00edvel agendar uma <a href=\"http:\/\/www.ifg.edu.br\/component\/content\/article\/161-ifg\/campus\/goiania\/noticias-campus-goiania\/17709-estudantes-do-campus-goiania-podem-contar-com-escuta-e-atendimento-psicologico-virtual\">conversa individual<\/a> online.<\/p>\n<p>Para aqueles que sentem falta de um contato social e queiram compartilhar com outros colegas <em>isolados<\/em>\u00a0as agruras e alegrias desse momento, as Psic\u00f3logas Larissa e J\u00falia realizam semanalmente uma <a href=\"https:\/\/www.ifg.edu.br\/component\/content\/article\/161-ifg\/campus\/goiania\/noticias-campus-goiania\/17895-psicologas-do-campus-goiania-promovem-conversas-de-quarentena-para-os-estudantes\">roda de conversa<\/a> que acontece todas as quintas \u00e0s 15h.<\/p>\n<p>\u00c0s vezes, por\u00e9m, esses momentos podem n\u00e3o ser suficientes. As psic\u00f3logas escolares do IFG C\u00e2mpus Goi\u00e2nia costumam realizar encaminhamentos dos alunos a servi\u00e7os de psicoterapia gratuitos ou de baixo custo quando percebem essa necessidade. A nova situa\u00e7\u00e3o, por\u00e9m, requer adapta\u00e7\u00f5es e pode gerar sentimentos novos e dif\u00edceis de lidar sozinho. Por essa raz\u00e3o, v\u00e1rios servi\u00e7os especializados t\u00eam oferecido atendimento psicoterap\u00eautico \u00e0 dist\u00e2ncia gratuito e as Psic\u00f3logas do C\u00e2mpus t\u00eam estado atentas e fizeram uma lista de servi\u00e7os para aqueles alunos que precisarem de um apoio a mais nesse per\u00edodo:<\/p>\n<h3 style=\"text-align: left\"><a href=\"http:\/\/www.cuidapsi.com.br\/\">Cuida Psi<\/a><img loading=\"lazy\" decoding=\"async\" class=\"alignnone size-full wp-image-224\" src=\"http:\/\/ensino.ifg.edu.br\/envolver\/wp-content\/uploads\/sites\/14\/2020\/04\/WhatsApp-Image-2020-04-09-at-09.04.02.jpeg\" alt=\"WhatsApp Image 2020-04-09 at 09.04.02\" width=\"1080\" height=\"1080\" \/><\/h3>\n<hr \/>\n<h3>GEPG<\/h3>\n<p><img loading=\"lazy\" decoding=\"async\" class=\"alignnone size-full wp-image-225\" src=\"http:\/\/ensino.ifg.edu.br\/envolver\/wp-content\/uploads\/sites\/14\/2020\/04\/WhatsApp-Image-2020-04-07-at-20.44.18.jpeg\" alt=\"WhatsApp Image 2020-04-07 at 20.44.18\" width=\"1000\" height=\"1000\" \/><\/p>\n<hr \/>\n<h3 style=\"text-align: left\"><strong>CEPEA\/FE\/UFG On-line &#8211; Atendimento emergencial para adolescentes em tempos de quarentena<\/strong><\/h3>\n<h3 style=\"text-align: left\"><img loading=\"lazy\" decoding=\"async\" class=\"alignnone size-full wp-image-226\" src=\"http:\/\/ensino.ifg.edu.br\/envolver\/wp-content\/uploads\/sites\/14\/2020\/04\/WhatsApp-Image-2020-04-06-at-12.16.23.jpeg\" alt=\"WhatsApp Image 2020-04-06 at 12.16.23\" width=\"580\" height=\"573\" \/><\/h3>\n<p>Os adolescentes interessados com idade entre 12 e 18 anos devem encaminhar um e-mail para o endere\u00e7o ufgescuta@gmail.com com os seguintes dados: &#8211; idade; &#8211; g\u00eanero; &#8211; cidade; &#8211; telefone de contato (que seja, de prefer\u00eancia, diretamente com o pr\u00f3prio adolescente interessado). Vagas Limitadas!<\/p>\n<hr \/>\n<h3><a href=\"https:\/\/calendar.google.com\/calendar\/embed?src=cafeborromeano%40gmail.com&amp;ctz=America%2FSao_Paulo\">Caf\u00e9 Borromeano<\/a><\/h3>\n<p><a href=\"https:\/\/calendar.google.com\/calendar\/embed?src=cafeborromeano%40gmail.com&amp;ctz=America%2FSao_Paulo\"><img loading=\"lazy\" decoding=\"async\" class=\"alignnone wp-image-373 size-full\" src=\"http:\/\/ensino.ifg.edu.br\/envolver\/wp-content\/uploads\/sites\/14\/2020\/04\/cafe.jpg\" alt=\"cafe\" width=\"640\" height=\"1148\" \/><\/a><\/p>\n<hr \/>\n<p>&nbsp;<\/p>\n","protected":false},"excerpt":{"rendered":"<p>Os servi\u00e7os s\u00e3o oferecidos por institui\u00e7\u00f5es especializadas. O momento de\u00a0 pandemia pode gerar novas ang\u00fastias com as quais os alunos do C\u00e2mpus n\u00e3o consigam lidar, e um aux\u00edlio profissional pode se fazer necess\u00e1rio. As psic\u00f3logas do C\u00e2mpus t\u00eam oferecido alguns momentos de escuta, como \u00e9 o caso da Psic\u00f3loga J\u00falia, com quem \u00e9 poss\u00edvel agendar <a href=\"https:\/\/ensino.ifg.edu.br\/envolver\/psicologas-do-ifg-organizam-lista-de-como-fazer-terapia-online-gratuita-durante-pandemia\/\" rel=\"nofollow\"><span class=\"sr-only\">Leia mais sobrePsic\u00f3logas do IFG organizam lista de como fazer psicoterapia online gratuita durante pandemia<\/span>[&hellip;]<\/a><\/p>\n","protected":false},"author":17,"featured_media":0,"parent":0,"menu_order":0,"comment_status":"closed","ping_status":"closed","template":"","meta":{"footnotes":""},"class_list":["post-222","page","type-page","status-publish","hentry"],"_links":{"self":[{"href":"https:\/\/ensino.ifg.edu.br\/envolver\/wp-json\/wp\/v2\/pages\/222"}],"collection":[{"href":"https:\/\/ensino.ifg.edu.br\/envolver\/wp-json\/wp\/v2\/pages"}],"about":[{"href":"https:\/\/ensino.ifg.edu.br\/envolver\/wp-json\/wp\/v2\/types\/page"}],"author":[{"embeddable":true,"href":"https:\/\/ensino.ifg.edu.br\/envolver\/wp-json\/wp\/v2\/users\/17"}],"replies":[{"embeddable":true,"href":"https:\/\/ensino.ifg.edu.br\/envolver\/wp-json\/wp\/v2\/comments?post=222"}],"version-history":[{"count":10,"href":"https:\/\/ensino.ifg.edu.br\/envolver\/wp-json\/wp\/v2\/pages\/222\/revisions"}],"predecessor-version":[{"id":374,"href":"https:\/\/ensino.ifg.edu.br\/envolver\/wp-json\/wp\/v2\/pages\/222\/revisions\/374"}],"wp:attachment":[{"href":"https:\/\/ensino.ifg.edu.br\/envolver\/wp-json\/wp\/v2\/media?parent=222"}],"curies":[{"name":"wp","href":"https:\/\/api.w.org\/{rel}","templated":true}]}}